{"id":11,"date":"2025-12-21T17:57:48","date_gmt":"2025-12-21T17:57:48","guid":{"rendered":"http:\/\/acert-expertise.com\/?page_id=11"},"modified":"2025-12-30T12:48:18","modified_gmt":"2025-12-30T12:48:18","slug":"11-2","status":"publish","type":"page","link":"https:\/\/acert-expertise.com\/","title":{"rendered":"En construction"},"content":{"rendered":"\n<div class=\"wp-block-cover alignfull is-light has-parallax has-custom-content-position is-position-bottom-center\" style=\"margin-top:0;margin-bottom:0;padding-top:var(--wp--preset--spacing--50);padding-right:var(--wp--preset--spacing--50);padding-bottom:var(--wp--preset--spacing--50);padding-left:var(--wp--preset--spacing--50);min-height:840px;aspect-ratio:unset;\"><div class=\"wp-block-cover__image-background wp-image-12 size-full has-parallax\" style=\"background-position:50% 50%;background-image:url(https:\/\/acert-expertise.com\/wp-content\/uploads\/2025\/12\/lauren-mancke-aOC7TSLb1o8-unsplash-scaled.jpg)\"><\/div><span aria-hidden=\"true\" class=\"wp-block-cover__background has-background-dim-10 has-background-dim\" style=\"background-color:#bab7ab\"><\/span><div class=\"wp-block-cover__inner-container has-global-padding is-layout-constrained wp-container-core-cover-is-layout-d89aad35 wp-block-cover-is-layout-constrained\">\n<div class=\"wp-block-group alignwide has-global-padding is-content-justification-left is-layout-constrained wp-container-core-group-is-layout-12dd3699 wp-block-group-is-layout-constrained\">\n<h2 class=\"wp-block-heading is-style-default has-accent-5-background-color has-background has-xx-large-font-size\" style=\"border-style:none;border-width:0px;margin-top:var(--wp--preset--spacing--30);margin-bottom:var(--wp--preset--spacing--30)\">Assistance, Conseils et Expertise en Radioprotection &amp; Transport de marchandises dangereuses<\/h2>\n\n\n\n<p style=\"margin-top:0;margin-right:0;margin-bottom:0;margin-left:0;padding-right:var(--wp--preset--spacing--60);padding-left:var(--wp--preset--spacing--60)\">Une organisation sp\u00e9cialis\u00e9e dans la fourniture de solutions industrielles conformes aux r\u00e8glementations en vigueur en mati\u00e8re de radioprotection et de transport de marchandises dangereuses.<\/p>\n\n\n\n<div class=\"wp-block-buttons is-layout-flex wp-block-buttons-is-layout-flex\">\n<div class=\"wp-block-button\"><a class=\"wp-block-button__link wp-element-button\" href=\"https:\/\/acert-expertise.com\/index.php\/a-propos-2\/\" target=\"_blank\" rel=\"noreferrer noopener\">En savoir plus sur mon parcours<\/a><\/div>\n<\/div>\n<\/div>\n<\/div><\/div>\n\n\n\n<div class=\"wp-block-group alignfull is-style-section-1 has-global-padding is-layout-constrained wp-block-group-is-layout-constrained is-style-section-1--1\" style=\"margin-top:0;margin-bottom:0;padding-top:var(--wp--preset--spacing--50);padding-bottom:var(--wp--preset--spacing--50)\">\n<div class=\"wp-block-columns alignwide is-layout-flex wp-container-core-columns-is-layout-7ee84d44 wp-block-columns-is-layout-flex\">\n<div class=\"wp-block-column is-vertically-aligned-center is-layout-flow wp-block-column-is-layout-flow\" style=\"flex-basis:50%\">\n<h2 class=\"wp-block-heading\">Les principaux r\u00f4les d&rsquo;ACERT :<\/h2>\n\n\n\n<ol class=\"wp-block-list\">\n<li class=\"has-medium-font-size\"><strong>Radioprotection<\/strong> : ACERT assure la mise en conformit\u00e9 et la protection des installations, ainsi que du personnel, face aux risques li\u00e9s aux rayonnements ionisants. Il s&rsquo;agit notamment de garantir que les normes de s\u00e9curit\u00e9 et de radioprotection sont respect\u00e9es dans les environnements industriels ou m\u00e9dicaux, manipulant des sources de radiation.<\/li>\n\n\n\n<li class=\"has-medium-font-size\"><strong>Transport de marchandises dangereuses<\/strong> : ACERT accompagne les entreprises dans la gestion du transport de marchandises dangereuses, quel que soit son mode de transport (route, rails, air ou mer). Il couvre toutes les classes de danger (\u00e0 l&rsquo;exception de la classe 1, celle des explosifs), en veillant \u00e0 la conformit\u00e9 avec les r\u00e8glementations nationales et internationales.<\/li>\n<\/ol>\n\n\n\n<p>En r\u00e9sum\u00e9, ACERT est une structure de conseils et d&rsquo;expertise, qui aide \u00e0 la gestion des risques li\u00e9s \u00e0 la radioprotection et au transport s\u00e9curis\u00e9 de substances dangereuses.<\/p>\n<\/div>\n\n\n\n<div class=\"wp-block-column is-vertically-aligned-center is-layout-flow wp-block-column-is-layout-flow\" style=\"flex-basis:50%\">\n<figure class=\"wp-block-image size-full\"><img fetchpriority=\"high\" decoding=\"async\" width=\"1707\" height=\"2560\" src=\"http:\/\/acert-expertise.com\/wp-content\/uploads\/2025\/12\/jason-goodman-m2TU2gfqSeE-unsplash-scaled.jpg\" alt=\"Une personne pointe du doigt un post-it\" class=\"wp-image-13\" style=\"aspect-ratio:1;object-fit:cover\" srcset=\"https:\/\/acert-expertise.com\/wp-content\/uploads\/2025\/12\/jason-goodman-m2TU2gfqSeE-unsplash-scaled.jpg 1707w, https:\/\/acert-expertise.com\/wp-content\/uploads\/2025\/12\/jason-goodman-m2TU2gfqSeE-unsplash-200x300.jpg 200w, https:\/\/acert-expertise.com\/wp-content\/uploads\/2025\/12\/jason-goodman-m2TU2gfqSeE-unsplash-683x1024.jpg 683w, https:\/\/acert-expertise.com\/wp-content\/uploads\/2025\/12\/jason-goodman-m2TU2gfqSeE-unsplash-768x1152.jpg 768w, https:\/\/acert-expertise.com\/wp-content\/uploads\/2025\/12\/jason-goodman-m2TU2gfqSeE-unsplash-1024x1536.jpg 1024w, https:\/\/acert-expertise.com\/wp-content\/uploads\/2025\/12\/jason-goodman-m2TU2gfqSeE-unsplash-1365x2048.jpg 1365w\" sizes=\"(max-width: 1707px) 100vw, 1707px\" \/><\/figure>\n<\/div>\n<\/div>\n<\/div>\n\n\n\n<div class=\"wp-block-group alignfull has-global-padding is-layout-constrained wp-block-group-is-layout-constrained\" style=\"margin-top:0;margin-bottom:0\">\n<hr class=\"wp-block-separator has-alpha-channel-opacity\"\/>\n<\/div>\n\n\n\n<div class=\"wp-block-group alignfull has-global-padding is-layout-constrained wp-container-core-group-is-layout-ebee8dc1 wp-block-group-is-layout-constrained\" style=\"margin-top:0;margin-bottom:0;padding-top:var(--wp--preset--spacing--50);padding-bottom:var(--wp--preset--spacing--50)\">\n<div class=\"wp-block-group alignwide is-layout-flow wp-block-group-is-layout-flow\">\n<p class=\"has-text-align-center is-style-text-display is-style-text-display--2\" style=\"font-style:normal;font-weight:400\">Vous avez des questions&nbsp;? <br><a href=\"#\" rel=\"nofollow\">N\u2019h\u00e9sitez pas \u00e0 nous contacter.<\/a><\/p>\n<\/div>\n<\/div>\n","protected":false},"excerpt":{"rendered":"<p>Les principaux r\u00f4les d&rsquo;ACERT : En r\u00e9sum\u00e9, ACERT est une structure de conseils et d&rsquo;expertise, qui aide \u00e0 la gestion des risques li\u00e9s \u00e0 la radioprotection et au transport s\u00e9curis\u00e9 de substances dangereuses. Vous avez des questions&nbsp;? N\u2019h\u00e9sitez pas \u00e0 nous contacter.<\/p>\n","protected":false},"author":1,"featured_media":0,"parent":0,"menu_order":0,"comment_status":"closed","ping_status":"closed","template":"","meta":{"footnotes":""},"class_list":["post-11","page","type-page","status-publish","hentry"],"_links":{"self":[{"href":"https:\/\/acert-expertise.com\/index.php\/wp-json\/wp\/v2\/pages\/11","targetHints":{"allow":["GET"]}}],"collection":[{"href":"https:\/\/acert-expertise.com\/index.php\/wp-json\/wp\/v2\/pages"}],"about":[{"href":"https:\/\/acert-expertise.com\/index.php\/wp-json\/wp\/v2\/types\/page"}],"author":[{"embeddable":true,"href":"https:\/\/acert-expertise.com\/index.php\/wp-json\/wp\/v2\/users\/1"}],"replies":[{"embeddable":true,"href":"https:\/\/acert-expertise.com\/index.php\/wp-json\/wp\/v2\/comments?post=11"}],"version-history":[{"count":22,"href":"https:\/\/acert-expertise.com\/index.php\/wp-json\/wp\/v2\/pages\/11\/revisions"}],"predecessor-version":[{"id":92,"href":"https:\/\/acert-expertise.com\/index.php\/wp-json\/wp\/v2\/pages\/11\/revisions\/92"}],"wp:attachment":[{"href":"https:\/\/acert-expertise.com\/index.php\/wp-json\/wp\/v2\/media?parent=11"}],"curies":[{"name":"wp","href":"https:\/\/api.w.org\/{rel}","templated":true}]}}