{"id":42,"date":"2025-12-30T09:22:47","date_gmt":"2025-12-30T09:22:47","guid":{"rendered":"https:\/\/acert-expertise.com\/?page_id=42"},"modified":"2025-12-30T13:12:17","modified_gmt":"2025-12-30T13:12:17","slug":"a-propos-2","status":"publish","type":"page","link":"https:\/\/acert-expertise.com\/index.php\/a-propos-2\/","title":{"rendered":"A propos"},"content":{"rendered":"\n<div class=\"wp-block-group alignfull is-style-section-1 has-global-padding is-layout-constrained wp-block-group-is-layout-constrained is-style-section-1--1\" style=\"margin-top:0;margin-bottom:0;padding-top:var(--wp--preset--spacing--80);padding-bottom:var(--wp--preset--spacing--80)\">\n<div class=\"wp-block-columns alignwide is-layout-flex wp-container-core-columns-is-layout-66fad18a wp-block-columns-is-layout-flex\">\n<div class=\"wp-block-column is-layout-flow wp-block-column-is-layout-flow\" style=\"padding-right:var(--wp--preset--spacing--50);flex-basis:45%\">\n<figure class=\"wp-block-image size-full\"><img decoding=\"async\" src=\"https:\/\/acert-expertise.com\/wp-content\/themes\/twentytwentyfive\/assets\/images\/red-hibiscus-closeup.webp\" alt=\"Photographie en gros plan d\u2019une fleur rouge.\"\/><\/figure>\n\n\n\n<div class=\"wp-block-group has-global-padding is-layout-constrained wp-block-group-is-layout-constrained\" style=\"margin-top:-12vw\">\n<figure class=\"wp-block-image alignright size-full is-resized\" style=\"margin-right:-5vw;margin-left:-5vw\"><img decoding=\"async\" src=\"https:\/\/acert-expertise.com\/wp-content\/themes\/twentytwentyfive\/assets\/images\/grid-flower-2.webp\" alt=\"Photographie en noir et blanc en gros plan d\u2019une fleur.\" style=\"width:202px\"\/><\/figure>\n<\/div>\n<\/div>\n\n\n\n<div class=\"wp-block-column is-vertically-aligned-center is-layout-flow wp-block-column-is-layout-flow\" style=\"padding-right:0;padding-left:0;flex-basis:50%\">\n<div class=\"wp-block-group is-vertical is-layout-flex wp-container-core-group-is-layout-fe9cc265 wp-block-group-is-layout-flex\">\n<h2 class=\"wp-block-heading is-style-text-annotation is-style-text-annotation--2\">\u00c0 propos<\/h2>\n<\/div>\n\n\n\n<p class=\"is-style-text-subtitle is-style-text-subtitle--3\"><strong>Un parcours au c\u0153ur de l\u2019innovation et de la transmission.<\/strong><\/p>\n\n\n\n<p class=\"has-large-font-size\" style=\"line-height:1.5\">En 1991, le jeune professionnel que j&rsquo;\u00e9tais faisait ses premiers pas dans le monde exigeant du travail. C\u2019est le d\u00e9but d\u2019un voyage qui allait durer plus de trois d\u00e9cennies, fa\u00e7onn\u00e9 par une qu\u00eate constante d\u2019expertise et d\u2019excellence.<\/p>\n\n\n\n<p class=\"has-large-font-size\" style=\"line-height:1.5\">D\u00e8s 1992, j&rsquo;ai approfondi mes connaissances en radioprotection, d\u2019abord pour les sources non scell\u00e9es, puis, en 1993, pour les sources scell\u00e9es. Ces premi\u00e8res certifications, obtenues aupr\u00e8s de l\u2019Institut National des Sciences et Techniques Nucl\u00e9aires et de l\u2019APAVE, marquent le point de d\u00e9part d\u2019une carri\u00e8re d\u00e9di\u00e9e \u00e0 la s\u00e9curit\u00e9 et \u00e0 l\u2019innovation.<\/p>\n<\/div>\n<\/div>\n<\/div>\n\n\n\n<div class=\"wp-block-group alignfull has-global-padding is-content-justification-center is-layout-constrained wp-block-group-is-layout-constrained\" style=\"margin-top:0;margin-bottom:0\">\n<div class=\"wp-block-group alignwide is-layout-flow wp-block-group-is-layout-flow\"><\/div>\n\n\n\n<div style=\"height:10px\" aria-hidden=\"true\" class=\"wp-block-spacer\"><\/div>\n<\/div>\n\n\n\n<div class=\"wp-block-group alignfull has-global-padding is-layout-constrained wp-block-group-is-layout-constrained\" style=\"margin-top:0;margin-bottom:0\">\n<div class=\"wp-block-group alignwide is-layout-grid wp-container-core-group-is-layout-5fdb10e5 wp-block-group-is-layout-grid\" style=\"padding-top:var(--wp--preset--spacing--50);padding-bottom:var(--wp--preset--spacing--50)\">\n<div class=\"wp-block-group is-vertical is-content-justification-stretch is-nowrap is-layout-flex wp-container-core-group-is-layout-627337ab wp-block-group-is-layout-flex\">\n<div class=\"wp-block-group is-vertical is-content-justification-left is-layout-flex wp-container-core-group-is-layout-dd225191 wp-block-group-is-layout-flex\">\n<h2 class=\"wp-block-heading is-style-text-annotation is-style-text-annotation--4\">\u00c0 propos<\/h2>\n\n\n\n<p class=\"is-style-text-subtitle has-large-font-size is-style-text-subtitle--5\" style=\"line-height:1.5\">En 1995, j&rsquo;ai ajout\u00e9 une corde essentielle \u00e0 mon arc : le management. Une comp\u00e9tence cl\u00e9 d\u00e9velopp\u00e9 chez FRAMATOME. Peu de temps apr\u00e8s, je me suis int\u00e9ress\u00e9 \u00e0 des disciplines plus techniques, plongeant dans les d\u00e9tails microscopiques gr\u00e2ce \u00e0 une formation en microscopie \u00e9lectronique \u00e0 balayage et microanalyse, en 1997. Cette expertise, acquise \u00e0 l\u2019ANRT, r\u00e9v\u00e8le une curiosit\u00e9 insatiable pour les sciences fondamentales.<\/p>\n\n\n\n<p class=\"is-style-text-subtitle has-large-font-size is-style-text-subtitle--6\" style=\"line-height:1.5\">La fin des ann\u00e9es 1990 marque un tournant : il \u00e9largit son spectre de comp\u00e9tences avec des formations en m\u00e9tallurgie, corrosion, et spectroscopie infra-rouge, obtenues respectivement au CACEMI et au LADIR. Ces domaines lui permettent d\u2019approfondir sa ma\u00eetrise des mat\u00e9riaux et des techniques d\u2019analyse, des atouts pr\u00e9cieux pour les d\u00e9fis industriels complexes.<\/p>\n<\/div>\n\n\n\n<figure class=\"wp-block-image size-full\"><img decoding=\"async\" src=\"https:\/\/acert-expertise.com\/wp-content\/themes\/twentytwentyfive\/assets\/images\/grid-flower-1.webp\" alt=\"Photographie en gros plan d\u2019une fleur rouge.\" style=\"aspect-ratio:16\/9;object-fit:cover\"\/><\/figure>\n<\/div>\n\n\n\n<figure class=\"wp-block-image size-full\"><img decoding=\"async\" src=\"https:\/\/acert-expertise.com\/wp-content\/themes\/twentytwentyfive\/assets\/images\/grid-flower-2.webp\" alt=\"Photographie en noir et blanc en gros plan d\u2019une fleur.\" style=\"aspect-ratio:3\/4;object-fit:cover\"\/><\/figure>\n<\/div>\n<\/div>\n\n\n\n<p><\/p>\n\n\n\n<p>Dans les ann\u00e9es 2000, sa carri\u00e8re prend un nouvel envol. En 2001, il se sp\u00e9cialise dans la caract\u00e9risation de couches minces par voie optique, une discipline enseign\u00e9e \u00e0 l\u2019\u00c9cole Polytechnique de Paris, et d\u00e8s 2005, il obtient l\u2019accr\u00e9ditation IATA, marquant son entr\u00e9e dans le monde du transport a\u00e9rien de marchandises dangereuses. Cette comp\u00e9tence, renouvel\u00e9e chaque ann\u00e9e, est le reflet de son engagement ind\u00e9fectible envers la conformit\u00e9 et la s\u00e9curit\u00e9.<\/p>\n\n\n\n<p>Avec une rigueur exemplaire, il renouvelle r\u00e9guli\u00e8rement ses comp\u00e9tences en radioprotection \u00e0 l\u2019Institut National des Sciences et Techniques Nucl\u00e9aires. En parall\u00e8le, il d\u00e9veloppe des expertises sp\u00e9cifiques \u00e0 travers des certifications CST (ADR \u2013 RID), obtenues en 2013, 2018, et 2023, qui renforcent sa capacit\u00e9 \u00e0 r\u00e9pondre aux \u00e9volutions r\u00e9glementaires du transport de mati\u00e8res dangereuses.<\/p>\n\n\n\n<p>En 2021, il se dote de nouveaux outils pour accompagner les transformations de son secteur en suivant un C.R.P. renforc\u00e9, avant de couronner son parcours en 2024 par une formation de Dirigeant d\u2019entreprise. Ce dernier chapitre n\u2019est pas une conclusion, mais le d\u00e9but d\u2019une nouvelle aventure : celle de guider, d\u2019innover et de transmettre son savoir-faire \u00e0 une nouvelle g\u00e9n\u00e9ration.<\/p>\n","protected":false},"excerpt":{"rendered":"<p>\u00c0 propos Un parcours au c\u0153ur de l\u2019innovation et de la transmission. En 1991, le jeune professionnel que j&rsquo;\u00e9tais faisait ses premiers pas dans le monde exigeant du travail. C\u2019est le d\u00e9but d\u2019un voyage qui allait durer plus de trois d\u00e9cennies, fa\u00e7onn\u00e9 par une qu\u00eate constante d\u2019expertise et d\u2019excellence. D\u00e8s 1992, j&rsquo;ai approfondi mes connaissances [&hellip;]<\/p>\n","protected":false},"author":1,"featured_media":0,"parent":0,"menu_order":0,"comment_status":"closed","ping_status":"closed","template":"","meta":{"footnotes":""},"class_list":["post-42","page","type-page","status-publish","hentry"],"_links":{"self":[{"href":"https:\/\/acert-expertise.com\/index.php\/wp-json\/wp\/v2\/pages\/42","targetHints":{"allow":["GET"]}}],"collection":[{"href":"https:\/\/acert-expertise.com\/index.php\/wp-json\/wp\/v2\/pages"}],"about":[{"href":"https:\/\/acert-expertise.com\/index.php\/wp-json\/wp\/v2\/types\/page"}],"author":[{"embeddable":true,"href":"https:\/\/acert-expertise.com\/index.php\/wp-json\/wp\/v2\/users\/1"}],"replies":[{"embeddable":true,"href":"https:\/\/acert-expertise.com\/index.php\/wp-json\/wp\/v2\/comments?post=42"}],"version-history":[{"count":4,"href":"https:\/\/acert-expertise.com\/index.php\/wp-json\/wp\/v2\/pages\/42\/revisions"}],"predecessor-version":[{"id":99,"href":"https:\/\/acert-expertise.com\/index.php\/wp-json\/wp\/v2\/pages\/42\/revisions\/99"}],"wp:attachment":[{"href":"https:\/\/acert-expertise.com\/index.php\/wp-json\/wp\/v2\/media?parent=42"}],"curies":[{"name":"wp","href":"https:\/\/api.w.org\/{rel}","templated":true}]}}