{"id":46,"date":"2025-12-30T09:30:55","date_gmt":"2025-12-30T09:30:55","guid":{"rendered":"https:\/\/acert-expertise.com\/index.php\/mentions-legales\/"},"modified":"2025-12-30T12:56:33","modified_gmt":"2025-12-30T12:56:33","slug":"mentions-legales","status":"publish","type":"page","link":"https:\/\/acert-expertise.com\/index.php\/mentions-legales\/","title":{"rendered":"Mentions l\u00e9gales"},"content":{"rendered":"\n<h3 class=\"wp-block-heading is-style-default\" style=\"margin-top:0;margin-bottom:0;padding-right:0;padding-left:0\"><mark style=\"background-color:#FFFFFF\" class=\"has-inline-color has-accent-3-color\"><strong> 1. \u00c9diteur du site<\/strong><\/mark><\/h3>\n\n\n\n<p>Nom \/ D\u00e9nomination sociale : <strong>[Nom, Pr\u00e9nom ou Raison sociale]<\/strong><br>Statut juridique : <strong>Auto-entrepreneur<\/strong><br>Adresse : <strong>[Adresse compl\u00e8te]<\/strong><br>T\u00e9l\u00e9phone : <strong>[Num\u00e9ro de t\u00e9l\u00e9phone]<\/strong><br>Adresse e-mail : <strong>[Email de contact]<\/strong><\/p>\n\n\n\n<p>Entreprise :<\/p>\n\n\n\n<ul class=\"wp-block-list\">\n<li>Num\u00e9ro SIRET : <strong>[Num\u00e9ro]<\/strong><\/li>\n<\/ul>\n\n\n\n<p>Responsable de la publication : <strong>[Nom et pr\u00e9nom]<\/strong><\/p>\n\n\n\n<hr class=\"wp-block-separator has-alpha-channel-opacity\"\/>\n\n\n\n<h3 class=\"wp-block-heading\"><strong><mark style=\"background-color:rgba(0, 0, 0, 0)\" class=\"has-inline-color has-accent-3-color\">2. H\u00e9bergement du site<\/mark><\/strong><\/h3>\n\n\n\n<p>H\u00e9bergeur : <strong>[Nom de l\u2019h\u00e9bergeur]<\/strong><br>Adresse : <strong>[Adresse de l\u2019h\u00e9bergeur]<\/strong><br>T\u00e9l\u00e9phone : <strong>[Num\u00e9ro de t\u00e9l\u00e9phone]<\/strong><br>Site web : <strong>[Site de l\u2019h\u00e9bergeur]<\/strong><\/p>\n\n\n\n<hr class=\"wp-block-separator has-alpha-channel-opacity\"\/>\n\n\n\n<h3 class=\"wp-block-heading\"><strong><mark style=\"background-color:rgba(0, 0, 0, 0)\" class=\"has-inline-color has-accent-3-color\">3. Propri\u00e9t\u00e9 intellectuelle<\/mark><\/strong><\/h3>\n\n\n\n<p>L\u2019ensemble du contenu du site (textes, images, logos, vid\u00e9os, etc.) est prot\u00e9g\u00e9 par le droit d\u2019auteur et la propri\u00e9t\u00e9 intellectuelle.<br>Toute reproduction, repr\u00e9sentation, modification ou diffusion, totale ou partielle, sans autorisation \u00e9crite pr\u00e9alable est interdite.<\/p>\n\n\n\n<hr class=\"wp-block-separator has-alpha-channel-opacity\"\/>\n\n\n\n<h3 class=\"wp-block-heading\"><strong><mark style=\"background-color:rgba(0, 0, 0, 0)\" class=\"has-inline-color has-accent-3-color\">4. Responsabilit\u00e9<\/mark><\/strong><\/h3>\n\n\n\n<p>L\u2019\u00e9diteur du site s\u2019efforce de fournir des informations exactes et \u00e0 jour, mais ne saurait \u00eatre tenu responsable des erreurs, omissions ou de l\u2019indisponibilit\u00e9 des informations.<br>L\u2019utilisateur est seul responsable de l\u2019utilisation qu\u2019il fait du contenu du site.<\/p>\n\n\n\n<hr class=\"wp-block-separator has-alpha-channel-opacity\"\/>\n\n\n\n<h3 class=\"wp-block-heading\"><strong><mark style=\"background-color:rgba(0, 0, 0, 0)\" class=\"has-inline-color has-accent-3-color\">5. Donn\u00e9es personnelles<\/mark><\/strong><\/h3>\n\n\n\n<p>Les informations \u00e9ventuellement recueillies via le site sont destin\u00e9es exclusivement \u00e0 <strong>[finalit\u00e9 : contact, gestion des commandes, etc.]<\/strong>.<br>Conform\u00e9ment au RGPD, vous disposez d\u2019un droit d\u2019acc\u00e8s, de rectification, de suppression et d\u2019opposition concernant vos donn\u00e9es personnelles.<br>Pour exercer ces droits, contactez : <strong>[email de contact]<\/strong>.<\/p>\n\n\n\n<hr class=\"wp-block-separator has-alpha-channel-opacity\"\/>\n\n\n\n<h3 class=\"wp-block-heading\"><strong><mark style=\"background-color:rgba(0, 0, 0, 0)\" class=\"has-inline-color has-accent-3-color\">6. Cookies<\/mark><\/strong><\/h3>\n\n\n\n<p>Le site peut utiliser des cookies afin d\u2019am\u00e9liorer l\u2019exp\u00e9rience utilisateur et r\u00e9aliser des statistiques de navigation.<br>L\u2019utilisateur peut configurer son navigateur pour refuser les cookies.<\/p>\n\n\n\n<hr class=\"wp-block-separator has-alpha-channel-opacity\"\/>\n\n\n\n<p><\/p>\n","protected":false},"excerpt":{"rendered":"<p>1. \u00c9diteur du site Nom \/ D\u00e9nomination sociale : [Nom, Pr\u00e9nom ou Raison sociale]Statut juridique : Auto-entrepreneurAdresse : [Adresse compl\u00e8te]T\u00e9l\u00e9phone : [Num\u00e9ro de t\u00e9l\u00e9phone]Adresse e-mail : [Email de contact] Entreprise : Responsable de la publication : [Nom et pr\u00e9nom] 2. H\u00e9bergement du site H\u00e9bergeur : [Nom de l\u2019h\u00e9bergeur]Adresse : [Adresse de l\u2019h\u00e9bergeur]T\u00e9l\u00e9phone : [Num\u00e9ro de [&hellip;]<\/p>\n","protected":false},"author":1,"featured_media":0,"parent":0,"menu_order":0,"comment_status":"closed","ping_status":"closed","template":"","meta":{"footnotes":""},"class_list":["post-46","page","type-page","status-publish","hentry"],"_links":{"self":[{"href":"https:\/\/acert-expertise.com\/index.php\/wp-json\/wp\/v2\/pages\/46","targetHints":{"allow":["GET"]}}],"collection":[{"href":"https:\/\/acert-expertise.com\/index.php\/wp-json\/wp\/v2\/pages"}],"about":[{"href":"https:\/\/acert-expertise.com\/index.php\/wp-json\/wp\/v2\/types\/page"}],"author":[{"embeddable":true,"href":"https:\/\/acert-expertise.com\/index.php\/wp-json\/wp\/v2\/users\/1"}],"replies":[{"embeddable":true,"href":"https:\/\/acert-expertise.com\/index.php\/wp-json\/wp\/v2\/comments?post=46"}],"version-history":[{"count":4,"href":"https:\/\/acert-expertise.com\/index.php\/wp-json\/wp\/v2\/pages\/46\/revisions"}],"predecessor-version":[{"id":96,"href":"https:\/\/acert-expertise.com\/index.php\/wp-json\/wp\/v2\/pages\/46\/revisions\/96"}],"wp:attachment":[{"href":"https:\/\/acert-expertise.com\/index.php\/wp-json\/wp\/v2\/media?parent=46"}],"curies":[{"name":"wp","href":"https:\/\/api.w.org\/{rel}","templated":true}]}}